{"id":1460,"date":"2023-06-19T19:15:15","date_gmt":"2023-06-19T19:15:15","guid":{"rendered":"https:\/\/equinecvm.com\/?page_id=1460"},"modified":"2023-06-29T09:58:26","modified_gmt":"2023-06-29T09:58:26","slug":"database","status":"publish","type":"page","link":"https:\/\/equinecvm.com\/en\/database\/","title":{"rendered":"Database"},"content":{"rendered":"<p><strong>Meer data geeft meer inzicht.<\/strong><\/p>\n<p>De afgelopen jaren hebben we al veel data verzameld. Dit uiteraard dankzij veel paarden eigenaren die met ons gedreven zijn om een gezond en ECVM vrij sportpaard te fokken.\u00a0Nog steeds verzamelen we nieuwe data en vragen dan ook dit met ons te delen.Dit kan met ECVM fotos, maar ook met fotos die al eerder van het paard gemaakt zijn van de hals.\u00a0 Denk hierbij aan een keuring of eventueel eerder onderzoek aan de hals. We zullen de fotos beoordelen en vanuit hier bekijken of ze bruikbaar zijn voor de database. Er zal hier ook een reactie van terug komen. Uw paard zal anoniem blijven voor de buitenwereld.<\/p>\n<p>Door het screenen van fokkerijen kan er sneller tot waardevolle informatie gekomen worden. De bevindingen van vader, moeder en kinderen laat nu al interessante patronen zien. Hierdoor krijgen we een idee of een ouderdier geen, weinig of vaak ECVM doorgeeft. Zolang er geen genetische test beschikbaar is, geeft het verzamelen van data de meeste informatie. Deze informatie is nodig om de kans zo veel mogelijke te verlagen bij het fokken van ECVM.<\/p>\n<style>\/*! elementor - v3.14.0 - 14-06-2023 *\/\n.elementor-widget-image{text-align:center}.elementor-widget-image a{display:inline-block}.elementor-widget-image a img[src$=\".svg\"]{width:48px}.elementor-widget-image img{vertical-align:middle;display:inline-block}<\/style>\n<p>\t\t\t\t\t\t\t\t\t\t\t\t<img decoding=\"async\" width=\"1024\" height=\"353\" src=\"https:\/\/equinecvm.com\/wp-content\/uploads\/2023\/06\/stamboom-hengst-geen-ecvm-1024x353.jpg\" alt=\"\" loading=\"lazy\" srcset=\"https:\/\/equinecvm.com\/wp-content\/uploads\/2023\/06\/stamboom-hengst-geen-ecvm-1024x353.jpg 1024w, https:\/\/equinecvm.com\/wp-content\/uploads\/2023\/06\/stamboom-hengst-geen-ecvm-300x103.jpg 300w, https:\/\/equinecvm.com\/wp-content\/uploads\/2023\/06\/stamboom-hengst-geen-ecvm-768x265.jpg 768w, https:\/\/equinecvm.com\/wp-content\/uploads\/2023\/06\/stamboom-hengst-geen-ecvm-1536x529.jpg 1536w, https:\/\/equinecvm.com\/wp-content\/uploads\/2023\/06\/stamboom-hengst-geen-ecvm-2048x705.jpg 2048w, https:\/\/equinecvm.com\/wp-content\/uploads\/2023\/06\/stamboom-hengst-geen-ecvm-18x6.jpg 18w\" sizes=\"auto, (max-width: 1024px) 100vw, 1024px\" \/><br \/>\n\t\t\t\t\t\t\t\t\t\t\t\t\t\t\t<img decoding=\"async\" width=\"1024\" height=\"387\" src=\"https:\/\/equinecvm.com\/wp-content\/uploads\/2023\/06\/hengst-2-ecvm-1024x387.jpg\" alt=\"\" loading=\"lazy\" srcset=\"https:\/\/equinecvm.com\/wp-content\/uploads\/2023\/06\/hengst-2-ecvm-1024x387.jpg 1024w, https:\/\/equinecvm.com\/wp-content\/uploads\/2023\/06\/hengst-2-ecvm-300x113.jpg 300w, https:\/\/equinecvm.com\/wp-content\/uploads\/2023\/06\/hengst-2-ecvm-768x290.jpg 768w, https:\/\/equinecvm.com\/wp-content\/uploads\/2023\/06\/hengst-2-ecvm-1536x581.jpg 1536w, https:\/\/equinecvm.com\/wp-content\/uploads\/2023\/06\/hengst-2-ecvm-2048x775.jpg 2048w, https:\/\/equinecvm.com\/wp-content\/uploads\/2023\/06\/hengst-2-ecvm-18x7.jpg 18w\" sizes=\"auto, (max-width: 1024px) 100vw, 1024px\" \/>\t\t\t\t\t\t\t\t\t\t\t\t\t\t\t<\/p>\n<p><em>In de schema&#8217;s hierboven zien we 2 hengsten uitgewerkt. Het eerst vierkantje links boven is de hengst, de rondjes er naast in de rij zijn de merries waarmee de hengst een nakomeling heeft gekregen. De lijn naar beneden voor de merrie is de nakomeling. Blauw=geen EVCM info, Groen=geen ECVM op r\u00f6ntgen, Oranje=ECVM op r\u00f6ntgen zichtbaar, Rood=ECVM en ECRM op r\u00f6ntgen zichtbaar. Rood met zwarte binnenkant=ECVM en ECRM op r\u00f6ntgen zichtbaar, misvorming van de voorbenen, dood geboren.<\/em><\/p>\n<p>Hengst 1 laat op r\u00f6ntgen beelden geen ECVM zien. Tot nu toe zijn bij de nakomelingen waar r\u00f6ntgen beelden van gemaakt zijn ook geen ECVM te zien. Ongeacht of de merrie wel of geen ECVM heeft. Dit geeft zeker voor de fokkerij een positief beeld.<\/p>\n<p>Hengst 2 zijn geen r\u00f6ntgen beelden van bekend. Opvallend is hier dat veel van de nakomelingen belast zijn met ECVM ook uit merries die zelf geen ECVM op r\u00f6ntgen laten zien.\u00a0<\/p>","protected":false},"excerpt":{"rendered":"<p>Meer data geeft meer inzicht. De afgelopen jaren hebben we al veel data verzameld. Dit uiteraard dankzij veel paarden eigenaren die met ons gedreven zijn om een gezond en ECVM vrij sportpaard te fokken.\u00a0Nog steeds verzamelen we nieuwe data en vragen dan ook dit met ons te delen.Dit kan met ECVM fotos, maar ook met [&hellip;]<\/p>","protected":false},"author":1,"featured_media":0,"parent":0,"menu_order":0,"comment_status":"closed","ping_status":"closed","template":"","meta":{"om_disable_all_campaigns":false,"_monsterinsights_skip_tracking":false,"_monsterinsights_sitenote_active":false,"_monsterinsights_sitenote_note":"","_monsterinsights_sitenote_category":0,"site-sidebar-layout":"default","site-content-layout":"","ast-site-content-layout":"default","site-content-style":"default","site-sidebar-style":"default","ast-global-header-display":"","ast-banner-title-visibility":"","ast-main-header-display":"","ast-hfb-above-header-display":"","ast-hfb-below-header-display":"","ast-hfb-mobile-header-display":"","site-post-title":"","ast-breadcrumbs-content":"","ast-featured-img":"","footer-sml-layout":"","theme-transparent-header-meta":"","adv-header-id-meta":"","stick-header-meta":"","header-above-stick-meta":"","header-main-stick-meta":"","header-below-stick-meta":"","astra-migrate-meta-layouts":"default","ast-page-background-enabled":"default","ast-page-background-meta":{"desktop":{"background-color":"var(--ast-global-color-4)","background-image":"","background-repeat":"repeat","background-position":"center center","background-size":"auto","background-attachment":"scroll","background-type":"","background-media":"","overlay-type":"","overlay-color":"","overlay-opacity":"","overlay-gradient":""},"tablet":{"background-color":"","background-image":"","background-repeat":"repeat","background-position":"center center","background-size":"auto","background-attachment":"scroll","background-type":"","background-media":"","overlay-type":"","overlay-color":"","overlay-opacity":"","overlay-gradient":""},"mobile":{"background-color":"","background-image":"","background-repeat":"repeat","background-position":"center center","background-size":"auto","background-attachment":"scroll","background-type":"","background-media":"","overlay-type":"","overlay-color":"","overlay-opacity":"","overlay-gradient":""}},"ast-content-background-meta":{"desktop":{"background-color":"var(--ast-global-color-5)","background-image":"","background-repeat":"repeat","background-position":"center center","background-size":"auto","background-attachment":"scroll","background-type":"","background-media":"","overlay-type":"","overlay-color":"","overlay-opacity":"","overlay-gradient":""},"tablet":{"background-color":"var(--ast-global-color-5)","background-image":"","background-repeat":"repeat","background-position":"center center","background-size":"auto","background-attachment":"scroll","background-type":"","background-media":"","overlay-type":"","overlay-color":"","overlay-opacity":"","overlay-gradient":""},"mobile":{"background-color":"var(--ast-global-color-5)","background-image":"","background-repeat":"repeat","background-position":"center center","background-size":"auto","background-attachment":"scroll","background-type":"","background-media":"","overlay-type":"","overlay-color":"","overlay-opacity":"","overlay-gradient":""}},"footnotes":""},"class_list":["post-1460","page","type-page","status-publish","hentry"],"aioseo_notices":[],"_links":{"self":[{"href":"https:\/\/equinecvm.com\/en\/wp-json\/wp\/v2\/pages\/1460","targetHints":{"allow":["GET"]}}],"collection":[{"href":"https:\/\/equinecvm.com\/en\/wp-json\/wp\/v2\/pages"}],"about":[{"href":"https:\/\/equinecvm.com\/en\/wp-json\/wp\/v2\/types\/page"}],"author":[{"embeddable":true,"href":"https:\/\/equinecvm.com\/en\/wp-json\/wp\/v2\/users\/1"}],"replies":[{"embeddable":true,"href":"https:\/\/equinecvm.com\/en\/wp-json\/wp\/v2\/comments?post=1460"}],"version-history":[{"count":15,"href":"https:\/\/equinecvm.com\/en\/wp-json\/wp\/v2\/pages\/1460\/revisions"}],"predecessor-version":[{"id":1621,"href":"https:\/\/equinecvm.com\/en\/wp-json\/wp\/v2\/pages\/1460\/revisions\/1621"}],"wp:attachment":[{"href":"https:\/\/equinecvm.com\/en\/wp-json\/wp\/v2\/media?parent=1460"}],"curies":[{"name":"wp","href":"https:\/\/api.w.org\/{rel}","templated":true}]}}